{"id":3547,"date":"2023-09-14T09:15:10","date_gmt":"2023-09-14T09:15:10","guid":{"rendered":"https:\/\/epikacomunicacion.com\/?page_id=3547"},"modified":"2024-12-11T08:33:54","modified_gmt":"2024-12-11T08:33:54","slug":"porfolio","status":"publish","type":"page","link":"https:\/\/epikacomunicacion.com\/en\/porfolio\/","title":{"rendered":"Portfolio"},"content":{"rendered":"<div data-elementor-type=\"wp-page\" data-elementor-id=\"3547\" class=\"elementor elementor-3547\">\n\t\t\t\t<div class=\"elementor-element elementor-element-be5e906 e-flex e-con-boxed e-con e-parent\" data-id=\"be5e906\" data-element_type=\"container\">\n\t\t\t\t\t<div class=\"e-con-inner\">\n\t\t\t\t<div class=\"elementor-element elementor-element-8d59cfe elementor-widget elementor-widget-heading\" data-id=\"8d59cfe\" data-element_type=\"widget\" data-widget_type=\"heading.default\">\n\t\t\t\t<div class=\"elementor-widget-container\">\n\t\t\t<h2 class=\"elementor-heading-title elementor-size-default\">Epika was born in <em class=\"yellowepika\">2021 <\/em>and since then more than 50 national and international brands have trusted us to carry out actions that make their brand  <em class=\"yellowepika\">stand out from the competition.<\/em><\/h2>\t\t<\/div>\n\t\t\t\t<\/div>\n\t\t\t\t<div class=\"elementor-element elementor-element-e21e03c elementor-widget elementor-widget-text-editor\" data-id=\"e21e03c\" data-element_type=\"widget\" data-widget_type=\"text-editor.default\">\n\t\t\t\t<div class=\"elementor-widget-container\">\n\t\t\t\t\t\t\tWe know you don't want to read it, you want to see it. Download our <br>portfolio and take a closer look at our work.\t\t\t\t\t\t<\/div>\n\t\t\t\t<\/div>\n\t\t\t\t<div class=\"elementor-element elementor-element-5bac571 elementor-align-center elementor-widget elementor-widget-button\" data-id=\"5bac571\" data-element_type=\"widget\" data-widget_type=\"button.default\">\n\t\t\t\t<div class=\"elementor-widget-container\">\n\t\t\t<style>.elementor-element-5bac571{display:none !important}<\/style>\t\t<\/div>\n\t\t\t\t<\/div>\n\t\t\t\t<div class=\"elementor-element elementor-element-d6b425f elementor-align-center elementor-widget elementor-widget-button\" data-id=\"d6b425f\" data-element_type=\"widget\" data-widget_type=\"button.default\">\n\t\t\t\t<div class=\"elementor-widget-container\">\n\t\t\t\t\t<div class=\"elementor-button-wrapper\">\n\t\t\t<a class=\"elementor-button elementor-button-link elementor-size-sm\" href=\"https:\/\/epikacomunicacion.com\/wp-content\/uploads\/2023\/09\/Portfolio-Epika-Nueva-Imagen-Septiembre-2023-EN.pdf\" target=\"_blank\">\n\t\t\t\t\t\t<span class=\"elementor-button-content-wrapper\">\n\t\t\t\t\t\t\t\t\t<span class=\"elementor-button-text\">Show me<\/span>\n\t\t\t\t\t<\/span>\n\t\t\t\t\t<\/a>\n\t\t<\/div>\n\t\t\t\t<\/div>\n\t\t\t\t<\/div>\n\t\t<div class=\"elementor-element elementor-element-ec45778 e-flex e-con-boxed e-con e-child\" data-id=\"ec45778\" data-element_type=\"container\" data-settings=\"{&quot;background_background&quot;:&quot;classic&quot;}\">\n\t\t\t\t\t<div class=\"e-con-inner\">\n\t\t\t\t<div class=\"elementor-element elementor-element-a887b1b elementor-widget elementor-widget-text-editor\" data-id=\"a887b1b\" data-element_type=\"widget\" data-widget_type=\"text-editor.default\">\n\t\t\t\t<div class=\"elementor-widget-container\">\n\t\t\t\t\t\t\t<p>Some brands that already trust us:<\/p>\t\t\t\t\t\t<\/div>\n\t\t\t\t<\/div>\n\t\t\t\t<div class=\"elementor-element elementor-element-50cfc62 elementor-arrows-position-inside elementor-pagination-position-outside elementor-widget elementor-widget-image-carousel\" data-id=\"50cfc62\" data-element_type=\"widget\" data-settings=\"{&quot;slides_to_show&quot;:&quot;6&quot;,&quot;image_spacing_custom&quot;:{&quot;unit&quot;:&quot;px&quot;,&quot;size&quot;:94,&quot;sizes&quot;:[]},&quot;slides_to_show_tablet&quot;:&quot;4&quot;,&quot;slides_to_show_mobile&quot;:&quot;3&quot;,&quot;image_spacing_custom_mobile&quot;:{&quot;unit&quot;:&quot;px&quot;,&quot;size&quot;:23,&quot;sizes&quot;:[]},&quot;navigation&quot;:&quot;both&quot;,&quot;autoplay&quot;:&quot;yes&quot;,&quot;pause_on_hover&quot;:&quot;yes&quot;,&quot;pause_on_interaction&quot;:&quot;yes&quot;,&quot;autoplay_speed&quot;:5000,&quot;infinite&quot;:&quot;yes&quot;,&quot;speed&quot;:500,&quot;image_spacing_custom_tablet&quot;:{&quot;unit&quot;:&quot;px&quot;,&quot;size&quot;:&quot;&quot;,&quot;sizes&quot;:[]}}\" data-widget_type=\"image-carousel.default\">\n\t\t\t\t<div class=\"elementor-widget-container\">\n\t\t\t\t\t<div class=\"elementor-image-carousel-wrapper swiper\" dir=\"ltr\">\n\t\t\t<div class=\"elementor-image-carousel swiper-wrapper\" aria-live=\"off\">\n\t\t\t\t\t\t\t\t<div class=\"swiper-slide\" role=\"group\" aria-roledescription=\"slide\" aria-label=\"1 of 11\"><figure class=\"swiper-slide-inner\"><img decoding=\"async\" class=\"swiper-slide-image lazyload\" data-src=\"https:\/\/epikacomunicacion.com\/wp-content\/uploads\/2023\/08\/ab-8.png\" alt=\"\" src=\"data:image\/svg+xml;base64,PHN2ZyB3aWR0aD0iMSIgaGVpZ2h0PSIxIiB4bWxucz0iaHR0cDovL3d3dy53My5vcmcvMjAwMC9zdmciPjwvc3ZnPg==\" style=\"--smush-placeholder-width: 1081px; --smush-placeholder-aspect-ratio: 1081\/1080;\" \/><\/figure><\/div><div class=\"swiper-slide\" role=\"group\" aria-roledescription=\"slide\" aria-label=\"2 of 11\"><figure class=\"swiper-slide-inner\"><img decoding=\"async\" class=\"swiper-slide-image lazyload\" data-src=\"https:\/\/epikacomunicacion.com\/wp-content\/uploads\/2023\/09\/align.png\" alt=\"\" src=\"data:image\/svg+xml;base64,PHN2ZyB3aWR0aD0iMSIgaGVpZ2h0PSIxIiB4bWxucz0iaHR0cDovL3d3dy53My5vcmcvMjAwMC9zdmciPjwvc3ZnPg==\" style=\"--smush-placeholder-width: 2534px; --smush-placeholder-aspect-ratio: 2534\/876;\" \/><\/figure><\/div><div class=\"swiper-slide\" role=\"group\" aria-roledescription=\"slide\" aria-label=\"3 of 11\"><figure class=\"swiper-slide-inner\"><img decoding=\"async\" class=\"swiper-slide-image lazyload\" data-src=\"https:\/\/epikacomunicacion.com\/wp-content\/uploads\/2023\/09\/logo_loewe_principal.jpg\" alt=\"\" src=\"data:image\/svg+xml;base64,PHN2ZyB3aWR0aD0iMSIgaGVpZ2h0PSIxIiB4bWxucz0iaHR0cDovL3d3dy53My5vcmcvMjAwMC9zdmciPjwvc3ZnPg==\" style=\"--smush-placeholder-width: 1200px; --smush-placeholder-aspect-ratio: 1200\/798;\" \/><\/figure><\/div><div class=\"swiper-slide\" role=\"group\" aria-roledescription=\"slide\" aria-label=\"4 of 11\"><figure class=\"swiper-slide-inner\"><img decoding=\"async\" class=\"swiper-slide-image lazyload\" data-src=\"https:\/\/epikacomunicacion.com\/wp-content\/uploads\/2023\/08\/carminag-8.png\" alt=\"\" src=\"data:image\/svg+xml;base64,PHN2ZyB3aWR0aD0iMSIgaGVpZ2h0PSIxIiB4bWxucz0iaHR0cDovL3d3dy53My5vcmcvMjAwMC9zdmciPjwvc3ZnPg==\" style=\"--smush-placeholder-width: 1081px; --smush-placeholder-aspect-ratio: 1081\/1080;\" \/><\/figure><\/div><div class=\"swiper-slide\" role=\"group\" aria-roledescription=\"slide\" aria-label=\"5 of 11\"><figure class=\"swiper-slide-inner\"><img decoding=\"async\" class=\"swiper-slide-image lazyload\" data-src=\"https:\/\/epikacomunicacion.com\/wp-content\/uploads\/2023\/08\/mfs-8.png\" alt=\"\" src=\"data:image\/svg+xml;base64,PHN2ZyB3aWR0aD0iMSIgaGVpZ2h0PSIxIiB4bWxucz0iaHR0cDovL3d3dy53My5vcmcvMjAwMC9zdmciPjwvc3ZnPg==\" style=\"--smush-placeholder-width: 1081px; --smush-placeholder-aspect-ratio: 1081\/1080;\" \/><\/figure><\/div><div class=\"swiper-slide\" role=\"group\" aria-roledescription=\"slide\" aria-label=\"6 of 11\"><figure class=\"swiper-slide-inner\"><img decoding=\"async\" class=\"swiper-slide-image lazyload\" data-src=\"https:\/\/epikacomunicacion.com\/wp-content\/uploads\/2023\/08\/allianz-8.png\" alt=\"\" src=\"data:image\/svg+xml;base64,PHN2ZyB3aWR0aD0iMSIgaGVpZ2h0PSIxIiB4bWxucz0iaHR0cDovL3d3dy53My5vcmcvMjAwMC9zdmciPjwvc3ZnPg==\" style=\"--smush-placeholder-width: 1081px; --smush-placeholder-aspect-ratio: 1081\/1080;\" \/><\/figure><\/div><div class=\"swiper-slide\" role=\"group\" aria-roledescription=\"slide\" aria-label=\"7 of 11\"><figure class=\"swiper-slide-inner\"><img decoding=\"async\" class=\"swiper-slide-image lazyload\" data-src=\"https:\/\/epikacomunicacion.com\/wp-content\/uploads\/2023\/08\/oddo.png\" alt=\"\" src=\"data:image\/svg+xml;base64,PHN2ZyB3aWR0aD0iMSIgaGVpZ2h0PSIxIiB4bWxucz0iaHR0cDovL3d3dy53My5vcmcvMjAwMC9zdmciPjwvc3ZnPg==\" style=\"--smush-placeholder-width: 1081px; --smush-placeholder-aspect-ratio: 1081\/1081;\" \/><\/figure><\/div><div class=\"swiper-slide\" role=\"group\" aria-roledescription=\"slide\" aria-label=\"8 of 11\"><figure class=\"swiper-slide-inner\"><img decoding=\"async\" class=\"swiper-slide-image lazyload\" data-src=\"https:\/\/epikacomunicacion.com\/wp-content\/uploads\/2023\/08\/scholders-8.png\" alt=\"\" src=\"data:image\/svg+xml;base64,PHN2ZyB3aWR0aD0iMSIgaGVpZ2h0PSIxIiB4bWxucz0iaHR0cDovL3d3dy53My5vcmcvMjAwMC9zdmciPjwvc3ZnPg==\" style=\"--smush-placeholder-width: 1081px; --smush-placeholder-aspect-ratio: 1081\/1080;\" \/><\/figure><\/div><div class=\"swiper-slide\" role=\"group\" aria-roledescription=\"slide\" aria-label=\"9 of 11\"><figure class=\"swiper-slide-inner\"><img decoding=\"async\" class=\"swiper-slide-image lazyload\" data-src=\"https:\/\/epikacomunicacion.com\/wp-content\/uploads\/2023\/08\/wealth-reader-8.png\" alt=\"\" src=\"data:image\/svg+xml;base64,PHN2ZyB3aWR0aD0iMSIgaGVpZ2h0PSIxIiB4bWxucz0iaHR0cDovL3d3dy53My5vcmcvMjAwMC9zdmciPjwvc3ZnPg==\" style=\"--smush-placeholder-width: 1081px; --smush-placeholder-aspect-ratio: 1081\/1080;\" \/><\/figure><\/div><div class=\"swiper-slide\" role=\"group\" aria-roledescription=\"slide\" aria-label=\"10 of 11\"><figure class=\"swiper-slide-inner\"><img decoding=\"async\" class=\"swiper-slide-image lazyload\" data-src=\"https:\/\/epikacomunicacion.com\/wp-content\/uploads\/2023\/08\/wellington-8.png\" alt=\"\" src=\"data:image\/svg+xml;base64,PHN2ZyB3aWR0aD0iMSIgaGVpZ2h0PSIxIiB4bWxucz0iaHR0cDovL3d3dy53My5vcmcvMjAwMC9zdmciPjwvc3ZnPg==\" style=\"--smush-placeholder-width: 1081px; --smush-placeholder-aspect-ratio: 1081\/1080;\" \/><\/figure><\/div><div class=\"swiper-slide\" role=\"group\" aria-roledescription=\"slide\" aria-label=\"11 of 11\"><figure class=\"swiper-slide-inner\"><img decoding=\"async\" class=\"swiper-slide-image lazyload\" data-src=\"https:\/\/epikacomunicacion.com\/wp-content\/uploads\/2024\/12\/bny.png\" alt=\"\" src=\"data:image\/svg+xml;base64,PHN2ZyB3aWR0aD0iMSIgaGVpZ2h0PSIxIiB4bWxucz0iaHR0cDovL3d3dy53My5vcmcvMjAwMC9zdmciPjwvc3ZnPg==\" style=\"--smush-placeholder-width: 4902px; --smush-placeholder-aspect-ratio: 4902\/623;\" \/><\/figure><\/div>\t\t\t<\/div>\n\t\t\t\t\t\t\t\t\t\t\t\t<div class=\"elementor-swiper-button elementor-swiper-button-prev\" role=\"button\" tabindex=\"0\">\n\t\t\t\t\t\t<svg aria-hidden=\"true\" class=\"e-font-icon-svg e-eicon-chevron-left\" viewbox=\"0 0 1000 1000\" xmlns=\"http:\/\/www.w3.org\/2000\/svg\"><path d=\"M646 125C629 125 613 133 604 142L308 442C296 454 292 471 292 487 292 504 296 521 308 533L604 854C617 867 629 875 646 875 663 875 679 871 692 858 704 846 713 829 713 812 713 796 708 779 692 767L438 487 692 225C700 217 708 204 708 187 708 171 704 154 692 142 675 129 663 125 646 125Z\"><\/path><\/svg>\t\t\t\t\t<\/div>\n\t\t\t\t\t<div class=\"elementor-swiper-button elementor-swiper-button-next\" role=\"button\" tabindex=\"0\">\n\t\t\t\t\t\t<svg aria-hidden=\"true\" class=\"e-font-icon-svg e-eicon-chevron-right\" viewbox=\"0 0 1000 1000\" xmlns=\"http:\/\/www.w3.org\/2000\/svg\"><path d=\"M696 533C708 521 713 504 713 487 713 471 708 454 696 446L400 146C388 133 375 125 354 125 338 125 325 129 313 142 300 154 292 171 292 187 292 204 296 221 308 233L563 492 304 771C292 783 288 800 288 817 288 833 296 850 308 863 321 871 338 875 354 875 371 875 388 867 400 854L696 533Z\"><\/path><\/svg>\t\t\t\t\t<\/div>\n\t\t\t\t\n\t\t\t\t\t\t\t\t\t<div class=\"swiper-pagination\"><\/div>\n\t\t\t\t\t\t\t\t\t<\/div>\n\t\t\t\t<\/div>\n\t\t\t\t<\/div>\n\t\t\t\t\t<\/div>\n\t\t\t\t<\/div>\n\t\t\t\t\t<\/div>\n\t\t\t\t<\/div>\n\t\t\t\t<\/div>","protected":false},"excerpt":{"rendered":"<p>Epika naci\u00f3 en 2021 y desde entonces m\u00e1s de 50 marcas nacionales e internacionales han confiado en nosotros para llevar a cabo acciones que hagan que su marca se diferencie de la competencia. Sabemos que no quieres leerlo, sino que quieres verlo. Descarga nuestro porfolio y mira con detalle nuestro trabajo. Quiero ver lo que [&hellip;]<\/p>","protected":false},"author":1,"featured_media":0,"parent":0,"menu_order":0,"comment_status":"closed","ping_status":"closed","template":"elementor_header_footer","meta":{"footnotes":""},"class_list":["post-3547","page","type-page","status-publish","hentry"],"yoast_head":"<!-- This site is optimized with the Yoast SEO plugin v26.8 - https:\/\/yoast.com\/product\/yoast-seo-wordpress\/ -->\n<title>Porfolio - Epika Comunicaci\u00f3n<\/title>\n<meta name=\"robots\" content=\"index, follow, max-snippet:-1, max-image-preview:large, max-video-preview:-1\" \/>\n<link rel=\"canonical\" href=\"https:\/\/epikacomunicacion.com\/en\/porfolio\/\" \/>\n<meta property=\"og:locale\" content=\"en_GB\" \/>\n<meta property=\"og:type\" content=\"article\" \/>\n<meta property=\"og:title\" content=\"Porfolio - Epika Comunicaci\u00f3n\" \/>\n<meta property=\"og:description\" content=\"Epika naci\u00f3 en 2021 y desde entonces m\u00e1s de 50 marcas nacionales e internacionales han confiado en nosotros para llevar a cabo acciones que hagan que su marca se diferencie de la competencia. Sabemos que no quieres leerlo, sino que quieres verlo. Descarga nuestro porfolio y mira con detalle nuestro trabajo. Quiero ver lo que [&hellip;]\" \/>\n<meta property=\"og:url\" content=\"https:\/\/epikacomunicacion.com\/en\/porfolio\/\" \/>\n<meta property=\"og:site_name\" content=\"Epika Comunicaci\u00f3n\" \/>\n<meta property=\"article:modified_time\" content=\"2024-12-11T08:33:54+00:00\" \/>\n<meta property=\"og:image\" content=\"https:\/\/epikacomunicacion.com\/wp-content\/uploads\/2023\/08\/ab-8.png\" \/>\n<meta name=\"twitter:card\" content=\"summary_large_image\" \/>\n<meta name=\"twitter:label1\" content=\"Estimated reading time\" \/>\n\t<meta name=\"twitter:data1\" content=\"5 minutes\" \/>\n<script type=\"application\/ld+json\" class=\"yoast-schema-graph\">{\"@context\":\"https:\/\/schema.org\",\"@graph\":[{\"@type\":\"WebPage\",\"@id\":\"https:\/\/epikacomunicacion.com\/porfolio\/\",\"url\":\"https:\/\/epikacomunicacion.com\/porfolio\/\",\"name\":\"Porfolio - Epika Comunicaci\u00f3n\",\"isPartOf\":{\"@id\":\"https:\/\/epikacomunicacion.com\/#website\"},\"primaryImageOfPage\":{\"@id\":\"https:\/\/epikacomunicacion.com\/porfolio\/#primaryimage\"},\"image\":{\"@id\":\"https:\/\/epikacomunicacion.com\/porfolio\/#primaryimage\"},\"thumbnailUrl\":\"https:\/\/epikacomunicacion.com\/wp-content\/uploads\/2023\/08\/ab-8.png\",\"datePublished\":\"2023-09-14T09:15:10+00:00\",\"dateModified\":\"2024-12-11T08:33:54+00:00\",\"breadcrumb\":{\"@id\":\"https:\/\/epikacomunicacion.com\/porfolio\/#breadcrumb\"},\"inLanguage\":\"en-GB\",\"potentialAction\":[{\"@type\":\"ReadAction\",\"target\":[\"https:\/\/epikacomunicacion.com\/porfolio\/\"]}]},{\"@type\":\"ImageObject\",\"inLanguage\":\"en-GB\",\"@id\":\"https:\/\/epikacomunicacion.com\/porfolio\/#primaryimage\",\"url\":\"https:\/\/epikacomunicacion.com\/wp-content\/uploads\/2023\/08\/ab-8.png\",\"contentUrl\":\"https:\/\/epikacomunicacion.com\/wp-content\/uploads\/2023\/08\/ab-8.png\"},{\"@type\":\"BreadcrumbList\",\"@id\":\"https:\/\/epikacomunicacion.com\/porfolio\/#breadcrumb\",\"itemListElement\":[{\"@type\":\"ListItem\",\"position\":1,\"name\":\"Portada\",\"item\":\"https:\/\/epikacomunicacion.com\/\"},{\"@type\":\"ListItem\",\"position\":2,\"name\":\"Porfolio\"}]},{\"@type\":\"WebSite\",\"@id\":\"https:\/\/epikacomunicacion.com\/#website\",\"url\":\"https:\/\/epikacomunicacion.com\/\",\"name\":\"Epika Comunicaci\u00f3n\",\"description\":\"Nuestro nombre es cl\u00e1sico, nuestro trabajo no. Consultor\u00eda estrat\u00e9gica 360. Comunicaci\u00f3n | Marketing digital | Producci\u00f3n audiovisual | Eventos.\",\"publisher\":{\"@id\":\"https:\/\/epikacomunicacion.com\/#organization\"},\"alternateName\":\"Epika\",\"potentialAction\":[{\"@type\":\"SearchAction\",\"target\":{\"@type\":\"EntryPoint\",\"urlTemplate\":\"https:\/\/epikacomunicacion.com\/?s={search_term_string}\"},\"query-input\":{\"@type\":\"PropertyValueSpecification\",\"valueRequired\":true,\"valueName\":\"search_term_string\"}}],\"inLanguage\":\"en-GB\"},{\"@type\":\"Organization\",\"@id\":\"https:\/\/epikacomunicacion.com\/#organization\",\"name\":\"Epika Comunicaci\u00f3n\",\"alternateName\":\"Epika\",\"url\":\"https:\/\/epikacomunicacion.com\/\",\"logo\":{\"@type\":\"ImageObject\",\"inLanguage\":\"en-GB\",\"@id\":\"https:\/\/epikacomunicacion.com\/#\/schema\/logo\/image\/\",\"url\":\"https:\/\/epikacomunicacion.com\/wp-content\/uploads\/2023\/08\/epika-8.png\",\"contentUrl\":\"https:\/\/epikacomunicacion.com\/wp-content\/uploads\/2023\/08\/epika-8.png\",\"width\":1081,\"height\":1080,\"caption\":\"Epika Comunicaci\u00f3n\"},\"image\":{\"@id\":\"https:\/\/epikacomunicacion.com\/#\/schema\/logo\/image\/\"},\"sameAs\":[\"https:\/\/www.linkedin.com\/company\/epikacomunicacion\/\",\"https:\/\/www.instagram.com\/epika_comunicacion\/?hl=es\"]}]}<\/script>\n<!-- \/ Yoast SEO plugin. -->","yoast_head_json":{"title":"Porfolio - Epika Comunicaci\u00f3n","robots":{"index":"index","follow":"follow","max-snippet":"max-snippet:-1","max-image-preview":"max-image-preview:large","max-video-preview":"max-video-preview:-1"},"canonical":"https:\/\/epikacomunicacion.com\/en\/porfolio\/","og_locale":"en_GB","og_type":"article","og_title":"Porfolio - Epika Comunicaci\u00f3n","og_description":"Epika naci\u00f3 en 2021 y desde entonces m\u00e1s de 50 marcas nacionales e internacionales han confiado en nosotros para llevar a cabo acciones que hagan que su marca se diferencie de la competencia. Sabemos que no quieres leerlo, sino que quieres verlo. Descarga nuestro porfolio y mira con detalle nuestro trabajo. Quiero ver lo que [&hellip;]","og_url":"https:\/\/epikacomunicacion.com\/en\/porfolio\/","og_site_name":"Epika Comunicaci\u00f3n","article_modified_time":"2024-12-11T08:33:54+00:00","og_image":[{"url":"https:\/\/epikacomunicacion.com\/wp-content\/uploads\/2023\/08\/ab-8.png","type":"","width":"","height":""}],"twitter_card":"summary_large_image","twitter_misc":{"Estimated reading time":"5 minutes"},"schema":{"@context":"https:\/\/schema.org","@graph":[{"@type":"WebPage","@id":"https:\/\/epikacomunicacion.com\/porfolio\/","url":"https:\/\/epikacomunicacion.com\/porfolio\/","name":"Porfolio - Epika Comunicaci\u00f3n","isPartOf":{"@id":"https:\/\/epikacomunicacion.com\/#website"},"primaryImageOfPage":{"@id":"https:\/\/epikacomunicacion.com\/porfolio\/#primaryimage"},"image":{"@id":"https:\/\/epikacomunicacion.com\/porfolio\/#primaryimage"},"thumbnailUrl":"https:\/\/epikacomunicacion.com\/wp-content\/uploads\/2023\/08\/ab-8.png","datePublished":"2023-09-14T09:15:10+00:00","dateModified":"2024-12-11T08:33:54+00:00","breadcrumb":{"@id":"https:\/\/epikacomunicacion.com\/porfolio\/#breadcrumb"},"inLanguage":"en-GB","potentialAction":[{"@type":"ReadAction","target":["https:\/\/epikacomunicacion.com\/porfolio\/"]}]},{"@type":"ImageObject","inLanguage":"en-GB","@id":"https:\/\/epikacomunicacion.com\/porfolio\/#primaryimage","url":"https:\/\/epikacomunicacion.com\/wp-content\/uploads\/2023\/08\/ab-8.png","contentUrl":"https:\/\/epikacomunicacion.com\/wp-content\/uploads\/2023\/08\/ab-8.png"},{"@type":"BreadcrumbList","@id":"https:\/\/epikacomunicacion.com\/porfolio\/#breadcrumb","itemListElement":[{"@type":"ListItem","position":1,"name":"Portada","item":"https:\/\/epikacomunicacion.com\/"},{"@type":"ListItem","position":2,"name":"Porfolio"}]},{"@type":"WebSite","@id":"https:\/\/epikacomunicacion.com\/#website","url":"https:\/\/epikacomunicacion.com\/","name":"Epika Comunicaci\u00f3n","description":"Nuestro nombre es cl\u00e1sico, nuestro trabajo no. Consultor\u00eda estrat\u00e9gica 360. Comunicaci\u00f3n | Marketing digital | Producci\u00f3n audiovisual | Eventos.","publisher":{"@id":"https:\/\/epikacomunicacion.com\/#organization"},"alternateName":"Epika","potentialAction":[{"@type":"SearchAction","target":{"@type":"EntryPoint","urlTemplate":"https:\/\/epikacomunicacion.com\/?s={search_term_string}"},"query-input":{"@type":"PropertyValueSpecification","valueRequired":true,"valueName":"search_term_string"}}],"inLanguage":"en-GB"},{"@type":"Organization","@id":"https:\/\/epikacomunicacion.com\/#organization","name":"Epika Comunicaci\u00f3n","alternateName":"Epika","url":"https:\/\/epikacomunicacion.com\/","logo":{"@type":"ImageObject","inLanguage":"en-GB","@id":"https:\/\/epikacomunicacion.com\/#\/schema\/logo\/image\/","url":"https:\/\/epikacomunicacion.com\/wp-content\/uploads\/2023\/08\/epika-8.png","contentUrl":"https:\/\/epikacomunicacion.com\/wp-content\/uploads\/2023\/08\/epika-8.png","width":1081,"height":1080,"caption":"Epika Comunicaci\u00f3n"},"image":{"@id":"https:\/\/epikacomunicacion.com\/#\/schema\/logo\/image\/"},"sameAs":["https:\/\/www.linkedin.com\/company\/epikacomunicacion\/","https:\/\/www.instagram.com\/epika_comunicacion\/?hl=es"]}]}},"_links":{"self":[{"href":"https:\/\/epikacomunicacion.com\/en\/wp-json\/wp\/v2\/pages\/3547","targetHints":{"allow":["GET"]}}],"collection":[{"href":"https:\/\/epikacomunicacion.com\/en\/wp-json\/wp\/v2\/pages"}],"about":[{"href":"https:\/\/epikacomunicacion.com\/en\/wp-json\/wp\/v2\/types\/page"}],"author":[{"embeddable":true,"href":"https:\/\/epikacomunicacion.com\/en\/wp-json\/wp\/v2\/users\/1"}],"replies":[{"embeddable":true,"href":"https:\/\/epikacomunicacion.com\/en\/wp-json\/wp\/v2\/comments?post=3547"}],"version-history":[{"count":3,"href":"https:\/\/epikacomunicacion.com\/en\/wp-json\/wp\/v2\/pages\/3547\/revisions"}],"predecessor-version":[{"id":4396,"href":"https:\/\/epikacomunicacion.com\/en\/wp-json\/wp\/v2\/pages\/3547\/revisions\/4396"}],"wp:attachment":[{"href":"https:\/\/epikacomunicacion.com\/en\/wp-json\/wp\/v2\/media?parent=3547"}],"curies":[{"name":"wp","href":"https:\/\/api.w.org\/{rel}","templated":true}]}}